{"id":1383,"date":"2025-01-07T16:16:29","date_gmt":"2025-01-07T16:16:29","guid":{"rendered":"https:\/\/littlegirlproject.com\/?page_id=1383"},"modified":"2025-02-24T13:16:23","modified_gmt":"2025-02-24T13:16:23","slug":"help","status":"publish","type":"page","link":"https:\/\/littlegirlproject.com\/fi\/help\/","title":{"rendered":"Apua"},"content":{"rendered":"<p>[et_pb_section fb_built=&#8221;1&#8243; _builder_version=&#8221;4.25.1&#8243; _module_preset=&#8221;default&#8221; background_color=&#8221;rgba(0,0,0,0.33)&#8221; background_image=&#8221;http:\/\/littlegirlproject.com\/wp-content\/uploads\/2025\/01\/user2306._sunny_day._girl_in_a_dress_goes_in_a_field._close_up__eadf24af-6920-47f9-bb42-1bd71cdf692d.png&#8221; background_blend=&#8221;overlay&#8221; custom_margin=&#8221;||||false|false&#8221; custom_padding=&#8221;150px||100px||false|false&#8221; global_colors_info=&#8221;{}&#8221;][et_pb_row _builder_version=&#8221;4.16&#8243; _module_preset=&#8221;default&#8221; global_colors_info=&#8221;{}&#8221;][et_pb_column type=&#8221;4_4&#8243; _builder_version=&#8221;4.16&#8243; _module_preset=&#8221;default&#8221; global_colors_info=&#8221;{}&#8221;][et_pb_text _builder_version=&#8221;4.25.1&#8243; _module_preset=&#8221;default&#8221; text_text_color=&#8221;#FFFFFF&#8221; header_font=&#8221;|600||on|||||&#8221; header_text_color=&#8221;#ffffff&#8221; hover_enabled=&#8221;0&#8243; global_colors_info=&#8221;{}&#8221; sticky_enabled=&#8221;0&#8243;]<\/p>\n<h1 class=\"font_6 wixui-rich-text__text\"><span class=\"color_11 wixui-rich-text__text\">Help<\/span><\/h1>\n<p>Together for change<\/p>\n<p>[\/et_pb_text][\/et_pb_column][\/et_pb_row][\/et_pb_section][et_pb_section fb_built=&#8221;1&#8243; module_id=&#8221;tutustu&#8221; _builder_version=&#8221;4.16&#8243; _module_preset=&#8221;default&#8221; background_color=&#8221;#ffffff&#8221; custom_padding=&#8221;90px||90px||false|false&#8221; global_colors_info=&#8221;{}&#8221;][et_pb_row _builder_version=&#8221;4.16&#8243; _module_preset=&#8221;default&#8221; global_colors_info=&#8221;{}&#8221;][et_pb_column type=&#8221;4_4&#8243; _builder_version=&#8221;4.16&#8243; _module_preset=&#8221;default&#8221; global_colors_info=&#8221;{}&#8221;][et_pb_text _builder_version=&#8221;4.25.1&#8243; _module_preset=&#8221;default&#8221; hover_enabled=&#8221;0&#8243; global_colors_info=&#8221;{}&#8221; sticky_enabled=&#8221;0&#8243;]<\/p>\n<h2>Together we can support, help and find ways to heal, cope and grow. We strive to constantly expand and find new ways to help our communities to grow into more love and compassion.<\/h2>\n<p>[\/et_pb_text][\/et_pb_column][\/et_pb_row][et_pb_row _builder_version=&#8221;4.25.1&#8243; _module_preset=&#8221;default&#8221; global_colors_info=&#8221;{}&#8221;][et_pb_column type=&#8221;4_4&#8243; _builder_version=&#8221;4.16&#8243; _module_preset=&#8221;default&#8221; global_colors_info=&#8221;{}&#8221;][et_pb_text _builder_version=&#8221;4.25.1&#8243; _module_preset=&#8221;default&#8221; hover_enabled=&#8221;0&#8243; global_colors_info=&#8221;{}&#8221; sticky_enabled=&#8221;0&#8243;]<\/p>\n<div data-mesh-id=\"comp-ljypfzo63inlineContent\" data-testid=\"inline-content\" class=\"\">\n<div data-mesh-id=\"comp-ljypfzo63inlineContent-gridContainer\" data-testid=\"mesh-container-content\">\n<div id=\"comp-ljypfzo71\" class=\"HcOXKn SxM0TO QxJLC3 lq2cno YQcXTT comp-ljypfzo71 wixui-rich-text\" data-testid=\"richTextElement\">\n<h3 class=\"font_9 wixui-rich-text__text\">About<\/h3>\n<div id=\"comp-ljypfzp33\" class=\"HcOXKn SxM0TO QxJLC3 lq2cno YQcXTT comp-ljypfzp33 wixui-rich-text\" data-testid=\"richTextElement\">\n<p class=\"font_8 wixui-rich-text__text\"><span class=\"color_15 wixui-rich-text__text\">Making Change Possible<\/span><span class=\"color_15 wixui-rich-text__text\"><\/span><\/p>\n<p class=\"font_8 wixui-rich-text__text\"><span class=\"color_15 wixui-rich-text__text\"><\/span><\/p>\n<\/div>\n<div id=\"comp-ljypfzp34\" class=\"HcOXKn SxM0TO QxJLC3 lq2cno YQcXTT comp-ljypfzp34 wixui-rich-text\" data-testid=\"richTextElement\">\n<p>There is no 1 way to heal childhood trauma and prevent these kind of horrific crimes to happen to our new generation of children. But it all starts from us. If not me, then who? If not now, when? It starts from\u00a0within. Saving the world can simply start from\u00a0saving yourself.<\/p>\n<p>The effects of childhood abuse- sexually, mentally and physically are almost endless. But one of the most common symptoms are: Eating disorders, PTSD, multiple personality disorder,\u00a0anxiety and\u00a0depression.\u00a0<\/p>\n<p>We wish to one day have the resources to help\u00a0fund the youth in our day and age, to find easier access to help. In order to\u00a0heal from the childhoods they\u2019ve had growing up in, so they can become healthy adults and lead of beautiful example, both for themselves and their own children. That together when can create a better future where not one single souls, needs to experience crimes happening to them in their youth.<\/p>\n<p>Down below are help centres around Finland and Sweden who can help you and your loved ones in crisis.\u00a0<\/p>\n<p>\u200bRemember<\/p>\n<p>You are the light in this world that can make the change possible.\u00a0<\/p>\n<p>You are loved.\u00a0\u2764\ufe0f<\/p>\n<\/div>\n<\/div>\n<\/div>\n<\/div>\n<p>[\/et_pb_text][\/et_pb_column][\/et_pb_row][\/et_pb_section][et_pb_section fb_built=&#8221;1&#8243; module_id=&#8221;apu&#8221; _builder_version=&#8221;4.25.1&#8243; _module_preset=&#8221;default&#8221; background_enable_color=&#8221;off&#8221; background_image=&#8221;http:\/\/littlegirlproject.com\/wp-content\/uploads\/2025\/01\/little-girl-projetct-texture.jpg&#8221; custom_padding=&#8221;90px||90px||false|false&#8221; global_colors_info=&#8221;{}&#8221;][et_pb_row _builder_version=&#8221;4.25.1&#8243; _module_preset=&#8221;default&#8221; global_colors_info=&#8221;{}&#8221; custom_padding=&#8221;|1px||||&#8221;][et_pb_column type=&#8221;4_4&#8243; _builder_version=&#8221;4.25.1&#8243; _module_preset=&#8221;default&#8221; global_colors_info=&#8221;{}&#8221;][et_pb_text _builder_version=&#8221;4.25.1&#8243; _module_preset=&#8221;default&#8221; text_text_color=&#8221;#FFFFFF&#8221; header_text_color=&#8221;#FFFFFF&#8221; header_2_text_color=&#8221;#FFFFFF&#8221; global_colors_info=&#8221;{}&#8221;]<\/p>\n<div id=\"comp-ljypfzp52\" class=\"HcOXKn SxM0TO QxJLC3 lq2cno YQcXTT comp-ljypfzp52 wixui-rich-text\" data-testid=\"richTextElement\">\n<h2 class=\"font_4 wixui-rich-text__text\"><span class=\"color_15 wixui-rich-text__text\">Finland Help Centers<\/span><\/h2>\n<p class=\"font_4 wixui-rich-text__text\"><strong>Suomen delfins<\/strong><\/p>\n<\/div>\n<div id=\"comp-ljypfzp53\" class=\"HcOXKn SxM0TO QxJLC3 lq2cno YQcXTT comp-ljypfzp53 wixui-rich-text\" data-testid=\"richTextElement\">\n<p class=\"font_7 wixui-rich-text__text\"><span class=\"color_32 wixui-rich-text__text\">Lapsena seksuaalista hyv\u00e4ksik\u00e4ytt\u00f6\u00e4<br class=\"wixui-rich-text__text\" \/>050 583 5000<\/span><\/p>\n<p class=\"font_7 wixui-rich-text__text\"><span class=\"color_32 wixui-rich-text__text\"><a data-auto-recognition=\"true\" href=\"http:\/\/www.suomendelfins.fi\/\" target=\"_blank\" class=\"wixui-rich-text__text\" rel=\"noopener\">www.suomendelfins.fi<\/a><\/span><\/p>\n<p class=\"font_7 wixui-rich-text__text\"><strong><span class=\"color_32 wixui-rich-text__text\">Tukinainen<\/span><\/strong><\/p>\n<p class=\"font_7 wixui-rich-text__text\"><span class=\"color_32 wixui-rich-text__text\">Raiskaus kriisikeskus\u00a0<br class=\"wixui-rich-text__text\" \/>0800 97899\u00a0<\/span><\/p>\n<p class=\"font_7 wixui-rich-text__text\"><span class=\"color_32 wixui-rich-text__text\"><a data-auto-recognition=\"true\" href=\"https:\/\/tukinainen.fi\/\" target=\"_blank\" class=\"wixui-rich-text__text\" rel=\"noopener\">https:\/\/tukinainen.fi<\/a><\/span><\/p>\n<p class=\"font_7 wixui-rich-text__text\"><span class=\"color_32 wixui-rich-text__text\"><strong>Mannerheimin Lastensuojeiluliito<\/strong><br class=\"wixui-rich-text__text\" \/>Lapset ja nuoret: 116 111<br class=\"wixui-rich-text__text\" \/>P\u00e5 svenska: 0800 96 166\u00a0<br class=\"wixui-rich-text__text\" \/><br class=\"wixui-rich-text__text\" \/><strong>Nollalinja<\/strong><br class=\"wixui-rich-text__text\" \/>080 005 005<\/span><\/p>\n<p class=\"font_7 wixui-rich-text__text\"><strong><span class=\"color_32 wixui-rich-text__text\">\u00a0<\/span><\/strong><span class=\"color_32 wixui-rich-text__text\"><strong>Mielenterveyden keskusliitto\u00a0<\/strong><br class=\"wixui-rich-text__text\" \/>0203 91920\u00a0<\/span><\/p>\n<p class=\"font_7 wixui-rich-text__text\"><span class=\"color_32 wixui-rich-text__text\"><a data-auto-recognition=\"true\" href=\"https:\/\/www.mtkl.fi\/\" target=\"_blank\" class=\"wixui-rich-text__text\" rel=\"noopener\">https:\/\/www.mtkl.fi<\/a><\/span><\/p>\n<\/div>\n<p>[\/et_pb_text][\/et_pb_column][\/et_pb_row][\/et_pb_section][et_pb_section fb_built=&#8221;1&#8243; module_id=&#8221;tutustu&#8221; _builder_version=&#8221;4.25.1&#8243; _module_preset=&#8221;default&#8221; background_color=&#8221;rgba(45,35,25,0.12)&#8221; custom_padding=&#8221;90px||90px||false|false&#8221; global_colors_info=&#8221;{}&#8221;][et_pb_row _builder_version=&#8221;4.25.1&#8243; _module_preset=&#8221;default&#8221; global_colors_info=&#8221;{}&#8221;][et_pb_column type=&#8221;4_4&#8243; _builder_version=&#8221;4.16&#8243; _module_preset=&#8221;default&#8221; global_colors_info=&#8221;{}&#8221;][et_pb_text _builder_version=&#8221;4.25.1&#8243; _module_preset=&#8221;default&#8221; global_colors_info=&#8221;{}&#8221;]<\/p>\n<div data-mesh-id=\"comp-ljypfzo63inlineContent\" data-testid=\"inline-content\" class=\"\">\n<div data-mesh-id=\"comp-ljypfzo63inlineContent-gridContainer\" data-testid=\"mesh-container-content\">\n<div id=\"comp-ljypfzo71\" class=\"HcOXKn SxM0TO QxJLC3 lq2cno YQcXTT comp-ljypfzo71 wixui-rich-text\" data-testid=\"richTextElement\">\n<div id=\"comp-ljypfzp7\" class=\"HcOXKn SxM0TO QxJLC3 lq2cno YQcXTT comp-ljypfzp7 wixui-rich-text\" data-testid=\"richTextElement\">\n<h2 class=\"font_4 wixui-rich-text__text\"><span class=\"color_15 wixui-rich-text__text\">Sweden Help Centers<\/span><\/h2>\n<\/div>\n<div id=\"comp-ljypfzp71\" class=\"HcOXKn SxM0TO QxJLC3 lq2cno YQcXTT comp-ljypfzp71 wixui-rich-text\" data-testid=\"richTextElement\">\n<p class=\"font_7 wixui-rich-text__text\"><span class=\"color_32 wixui-rich-text__text\"><span class=\"wixui-rich-text__text\"><\/span><\/span><\/p>\n<p class=\"font_7 wixui-rich-text__text\"><strong><span class=\"color_32 wixui-rich-text__text\"><span class=\"wixui-rich-text__text\">Kvinnofridslinjen<\/span><\/span><\/strong><\/p>\n<p class=\"font_7 wixui-rich-text__text\"><span class=\"color_32 wixui-rich-text__text\">Sexuella \u00f6vergrepp, misshandel, V\u00e5ld, Hot<\/span><\/p>\n<p class=\"font_7 wixui-rich-text__text\"><span class=\"color_32 wixui-rich-text__text\">020-505050<\/span><\/p>\n<p class=\"font_7 wixui-rich-text__text\"><span class=\"color_32 wixui-rich-text__text\"><a data-auto-recognition=\"true\" href=\"https:\/\/kvinnofridslinjen.se\/\" target=\"_blank\" class=\"wixui-rich-text__text\" rel=\"noopener\">https:\/\/kvinnofridslinjen.se<\/a><\/span><\/p>\n<p class=\"font_7 wixui-rich-text__text\"><span class=\"color_32 wixui-rich-text__text\"><span class=\"wixGuard wixui-rich-text__text\">\u200b<\/span><\/span><\/p>\n<p class=\"font_7 wixui-rich-text__text\"><strong><span class=\"color_32 wixui-rich-text__text\"><span class=\"wixui-rich-text__text\">F\u00f6rening tillsammans<\/span><\/span><\/strong><\/p>\n<p class=\"font_7 wixui-rich-text__text\"><span class=\"color_32 wixui-rich-text__text\">St\u00f6d f\u00f6r sexuella trakasserier, sexuella \u00f6vergrepp eller annat sexuellt v\u00e5ld.<\/span><\/p>\n<p class=\"font_7 wixui-rich-text__text\"><span class=\"color_32 wixui-rich-text__text\"><span class=\"wixui-rich-text__text\">073-983 36 28\u00a0<\/span><\/span><\/p>\n<p class=\"font_7 wixui-rich-text__text\"><span class=\"color_32 wixui-rich-text__text\"><a data-auto-recognition=\"true\" href=\"https:\/\/www.foreningentillsammans.se\/stod\" target=\"_blank\" class=\"wixui-rich-text__text\" rel=\"noopener\">https:\/\/www.foreningentillsammans.se\/stod<\/a><\/span><\/p>\n<p class=\"font_7 wixui-rich-text__text\"><span class=\"color_32 wixui-rich-text__text\"><span class=\"wixGuard wixui-rich-text__text\">\u200b<\/span><\/span><\/p>\n<p class=\"font_7 wixui-rich-text__text\"><strong><span class=\"color_32 wixui-rich-text__text\"><span class=\"wixui-rich-text__text\">ECPAT<\/span><\/span><\/strong><\/p>\n<p class=\"font_7 wixui-rich-text__text\"><span class=\"color_32 wixui-rich-text__text\"><a data-auto-recognition=\"true\" href=\"https:\/\/ecpat.se\/\" target=\"_blank\" class=\"wixui-rich-text__text\" rel=\"noopener\">https:\/\/ecpat.se<\/a><\/span><\/p>\n<p class=\"font_7 wixui-rich-text__text\"><span class=\"color_32 wixui-rich-text__text\">Jobbar med \u00e4r f\u00f6rebygga Sexuella \u00f6vergrepp mot barn<\/span><\/p>\n<p class=\"font_7 wixui-rich-text__text\"><span class=\"color_32 wixui-rich-text__text\">Ring st\u00f6dlinje 020-112 100<\/span><\/p>\n<p class=\"font_7 wixui-rich-text__text\"><span class=\"color_32 wixui-rich-text__text\">(St\u00f6dlinjen \u00e4r \u00f6ppen m\u00e5ndag och fredag kl 15.00-17.00 och tisdag, onsdag, torsdag kl 17.00-22.00)<\/span><\/p>\n<p class=\"font_7 wixui-rich-text__text\"><span class=\"color_32 wixui-rich-text__text\">\u00a0<\/span><\/p>\n<p class=\"font_7 wixui-rich-text__text\"><strong><span class=\"color_32 wixui-rich-text__text\"><span class=\"wixui-rich-text__text\">RISE<\/span><\/span><\/strong><\/p>\n<p class=\"font_7 wixui-rich-text__text\"><span class=\"color_32 wixui-rich-text__text\">St\u00f6d f\u00f6r dig som\u00a0har blivit utsatt f\u00f6r incest eller andra sexuella \u00f6vergrepp som barn<\/span><\/p>\n<p class=\"font_7 wixui-rich-text__text\"><span class=\"color_32 wixui-rich-text__text\">08\u2013696 00 95<\/span><\/p>\n<p class=\"font_7 wixui-rich-text__text\"><span class=\"color_32 wixui-rich-text__text\"><a data-auto-recognition=\"true\" href=\"http:\/\/rise-sverige.se\/\" target=\"_blank\" class=\"wixui-rich-text__text\" rel=\"noopener\">http:\/\/rise-sverige.se<\/a><\/span><\/p>\n<p class=\"font_7 wixui-rich-text__text\"><span class=\"color_32 wixui-rich-text__text\"><span class=\"wixGuard wixui-rich-text__text\">\u200b<\/span><\/span><\/p>\n<p class=\"font_7 wixui-rich-text__text\"><strong><span class=\"color_32 wixui-rich-text__text\"><span class=\"wixui-rich-text__text\">Storasyster<\/span><\/span><\/strong><\/p>\n<p class=\"font_7 wixui-rich-text__text\"><span class=\"color_32 wixui-rich-text__text\">St\u00f6d f\u00f6r dig som\u00a0blivit utsatta f\u00f6r v\u00e5ldt\u00e4kt eller andra sexuella \u00f6vergrepp<\/span><\/p>\n<p class=\"font_7 wixui-rich-text__text\"><span class=\"color_32 wixui-rich-text__text\"><a data-auto-recognition=\"true\" href=\"http:\/\/www.storasyster.org\/\" target=\"_blank\" class=\"wixui-rich-text__text\" rel=\"noopener\">http:\/\/www.storasyster.org<\/a><\/span><\/p>\n<p class=\"font_7 wixui-rich-text__text\"><span class=\"color_32 wixui-rich-text__text\"><span class=\"wixGuard wixui-rich-text__text\">\u200b<\/span><\/span><\/p>\n<p class=\"font_7 wixui-rich-text__text\"><strong><span class=\"color_32 wixui-rich-text__text\"><span class=\"wixui-rich-text__text\">Freezonen<\/span><\/span><\/strong><\/p>\n<p class=\"font_7 wixui-rich-text__text\"><span class=\"color_32 wixui-rich-text__text\">St\u00f6d f\u00f6r dig som blivit utsatt f\u00f6r v\u00e5ld eller brott.<\/span><\/p>\n<p class=\"font_7 wixui-rich-text__text\"><span class=\"color_32 wixui-rich-text__text\">0733-30 30 28\u00a0<\/span><\/p>\n<p class=\"font_7 wixui-rich-text__text\"><span class=\"color_32 wixui-rich-text__text\"><span class=\"wixui-rich-text__text\"><a href=\"https:\/\/www.freezonen.se\/\" target=\"_blank\" rel=\"noreferrer noopener\" class=\"wixui-rich-text__text\">https:\/\/www.freezonen.se<\/a><\/span><\/span><\/p>\n<p class=\"font_7 wixui-rich-text__text\"><span class=\"color_32 wixui-rich-text__text\"><span class=\"wixui-rich-text__text\"><span class=\"wixGuard wixui-rich-text__text\">\u200b<\/span><\/span><\/span><\/p>\n<p class=\"font_7 wixui-rich-text__text\"><strong><span class=\"color_32 wixui-rich-text__text\"><span class=\"wixui-rich-text__text\">UMO<\/span><\/span><\/strong><\/p>\n<p class=\"font_7 wixui-rich-text__text\"><span class=\"color_32 wixui-rich-text__text\">Ungodmsmottagning,\u00a0<\/span><\/p>\n<p class=\"font_7 wixui-rich-text__text\"><span class=\"color_32 wixui-rich-text__text\"><a data-auto-recognition=\"true\" href=\"http:\/\/www.umo.se\/\" target=\"_blank\" class=\"wixui-rich-text__text\" rel=\"noopener\">www.umo.se<\/a><\/span><\/p>\n<\/div>\n<\/div>\n<\/div>\n<\/div>\n<p>[\/et_pb_text][\/et_pb_column][\/et_pb_row][\/et_pb_section]<\/p>\n","protected":false},"excerpt":{"rendered":"<p>Help Together for changeTogether we can support, help and find ways to heal, cope and grow. We strive to constantly expand and find new ways to help our communities to grow into more love and compassion. About Making Change Possible There is no 1 way to heal childhood trauma and prevent these kind of horrific [&hellip;]<\/p>\n","protected":false},"author":1,"featured_media":0,"parent":0,"menu_order":0,"comment_status":"closed","ping_status":"closed","template":"","meta":{"_et_pb_use_builder":"on","_et_pb_old_content":"","_et_gb_content_width":"","footnotes":""},"class_list":["post-1383","page","type-page","status-publish","hentry"],"yoast_head":"<!-- This site is optimized with the Yoast SEO plugin v27.5 - https:\/\/yoast.com\/product\/yoast-seo-wordpress\/ -->\n<title>Help - Little Girl Project<\/title>\n<meta name=\"robots\" content=\"index, follow, max-snippet:-1, max-image-preview:large, max-video-preview:-1\" \/>\n<link rel=\"canonical\" href=\"https:\/\/littlegirlproject.com\/fi\/help\/\" \/>\n<meta property=\"og:locale\" content=\"fi_FI\" \/>\n<meta property=\"og:type\" content=\"article\" \/>\n<meta property=\"og:title\" content=\"Help - Little Girl Project\" \/>\n<meta property=\"og:description\" content=\"Help Together for changeTogether we can support, help and find ways to heal, cope and grow. We strive to constantly expand and find new ways to help our communities to grow into more love and compassion. About Making Change Possible There is no 1 way to heal childhood trauma and prevent these kind of horrific [&hellip;]\" \/>\n<meta property=\"og:url\" content=\"https:\/\/littlegirlproject.com\/fi\/help\/\" \/>\n<meta property=\"og:site_name\" content=\"Little Girl Project\" \/>\n<meta property=\"article:modified_time\" content=\"2025-02-24T13:16:23+00:00\" \/>\n<meta name=\"twitter:card\" content=\"summary_large_image\" \/>\n<script type=\"application\/ld+json\" class=\"yoast-schema-graph\">{\"@context\":\"https:\\\/\\\/schema.org\",\"@graph\":[{\"@type\":\"WebPage\",\"@id\":\"https:\\\/\\\/littlegirlproject.com\\\/help\\\/\",\"url\":\"https:\\\/\\\/littlegirlproject.com\\\/help\\\/\",\"name\":\"Help - Little Girl Project\",\"isPartOf\":{\"@id\":\"https:\\\/\\\/littlegirlproject.com\\\/#website\"},\"datePublished\":\"2025-01-07T16:16:29+00:00\",\"dateModified\":\"2025-02-24T13:16:23+00:00\",\"breadcrumb\":{\"@id\":\"https:\\\/\\\/littlegirlproject.com\\\/help\\\/#breadcrumb\"},\"inLanguage\":\"fi\",\"potentialAction\":[{\"@type\":\"ReadAction\",\"target\":[\"https:\\\/\\\/littlegirlproject.com\\\/help\\\/\"]}]},{\"@type\":\"BreadcrumbList\",\"@id\":\"https:\\\/\\\/littlegirlproject.com\\\/help\\\/#breadcrumb\",\"itemListElement\":[{\"@type\":\"ListItem\",\"position\":1,\"name\":\"Etusivu\",\"item\":\"https:\\\/\\\/littlegirlproject.com\\\/\"},{\"@type\":\"ListItem\",\"position\":2,\"name\":\"Help\"}]},{\"@type\":\"WebSite\",\"@id\":\"https:\\\/\\\/littlegirlproject.com\\\/#website\",\"url\":\"https:\\\/\\\/littlegirlproject.com\\\/\",\"name\":\"Little Girl Project\",\"description\":\"\",\"potentialAction\":[{\"@type\":\"SearchAction\",\"target\":{\"@type\":\"EntryPoint\",\"urlTemplate\":\"https:\\\/\\\/littlegirlproject.com\\\/?s={search_term_string}\"},\"query-input\":{\"@type\":\"PropertyValueSpecification\",\"valueRequired\":true,\"valueName\":\"search_term_string\"}}],\"inLanguage\":\"fi\"}]}<\/script>\n<!-- \/ Yoast SEO plugin. -->","yoast_head_json":{"title":"Help - Little Girl Project","robots":{"index":"index","follow":"follow","max-snippet":"max-snippet:-1","max-image-preview":"max-image-preview:large","max-video-preview":"max-video-preview:-1"},"canonical":"https:\/\/littlegirlproject.com\/fi\/help\/","og_locale":"fi_FI","og_type":"article","og_title":"Help - Little Girl Project","og_description":"Help Together for changeTogether we can support, help and find ways to heal, cope and grow. We strive to constantly expand and find new ways to help our communities to grow into more love and compassion. About Making Change Possible There is no 1 way to heal childhood trauma and prevent these kind of horrific [&hellip;]","og_url":"https:\/\/littlegirlproject.com\/fi\/help\/","og_site_name":"Little Girl Project","article_modified_time":"2025-02-24T13:16:23+00:00","twitter_card":"summary_large_image","schema":{"@context":"https:\/\/schema.org","@graph":[{"@type":"WebPage","@id":"https:\/\/littlegirlproject.com\/help\/","url":"https:\/\/littlegirlproject.com\/help\/","name":"Help - Little Girl Project","isPartOf":{"@id":"https:\/\/littlegirlproject.com\/#website"},"datePublished":"2025-01-07T16:16:29+00:00","dateModified":"2025-02-24T13:16:23+00:00","breadcrumb":{"@id":"https:\/\/littlegirlproject.com\/help\/#breadcrumb"},"inLanguage":"fi","potentialAction":[{"@type":"ReadAction","target":["https:\/\/littlegirlproject.com\/help\/"]}]},{"@type":"BreadcrumbList","@id":"https:\/\/littlegirlproject.com\/help\/#breadcrumb","itemListElement":[{"@type":"ListItem","position":1,"name":"Etusivu","item":"https:\/\/littlegirlproject.com\/"},{"@type":"ListItem","position":2,"name":"Help"}]},{"@type":"WebSite","@id":"https:\/\/littlegirlproject.com\/#website","url":"https:\/\/littlegirlproject.com\/","name":"Little Girl Project","description":"","potentialAction":[{"@type":"SearchAction","target":{"@type":"EntryPoint","urlTemplate":"https:\/\/littlegirlproject.com\/?s={search_term_string}"},"query-input":{"@type":"PropertyValueSpecification","valueRequired":true,"valueName":"search_term_string"}}],"inLanguage":"fi"}]}},"_links":{"self":[{"href":"https:\/\/littlegirlproject.com\/fi\/wp-json\/wp\/v2\/pages\/1383","targetHints":{"allow":["GET"]}}],"collection":[{"href":"https:\/\/littlegirlproject.com\/fi\/wp-json\/wp\/v2\/pages"}],"about":[{"href":"https:\/\/littlegirlproject.com\/fi\/wp-json\/wp\/v2\/types\/page"}],"author":[{"embeddable":true,"href":"https:\/\/littlegirlproject.com\/fi\/wp-json\/wp\/v2\/users\/1"}],"replies":[{"embeddable":true,"href":"https:\/\/littlegirlproject.com\/fi\/wp-json\/wp\/v2\/comments?post=1383"}],"version-history":[{"count":4,"href":"https:\/\/littlegirlproject.com\/fi\/wp-json\/wp\/v2\/pages\/1383\/revisions"}],"predecessor-version":[{"id":1448,"href":"https:\/\/littlegirlproject.com\/fi\/wp-json\/wp\/v2\/pages\/1383\/revisions\/1448"}],"wp:attachment":[{"href":"https:\/\/littlegirlproject.com\/fi\/wp-json\/wp\/v2\/media?parent=1383"}],"curies":[{"name":"wp","href":"https:\/\/api.w.org\/{rel}","templated":true}]}}